{"id":1322,"date":"2022-03-04T06:50:49","date_gmt":"2022-03-04T06:50:49","guid":{"rendered":"https:\/\/kapvie.com\/?page_id=1322"},"modified":"2022-03-04T06:52:31","modified_gmt":"2022-03-04T06:52:31","slug":"right-of-revocation","status":"publish","type":"page","link":"https:\/\/kapvie.com\/fr\/right-of-revocation\/","title":{"rendered":"Droit de r\u00e9tractation"},"content":{"rendered":"<h1 class=\"wp-block-heading\">Droit de r\u00e9tractation<\/h1>\r\n<p>1.1<br \/>Les clients finaux priv\u00e9s (consommateurs) r\u00e9sidant dans l'Union europ\u00e9enne disposent du droit de retour suivant au lieu du droit de r\u00e9vocation : Les marchandises qui ne sont pas rapidement p\u00e9rissables et qui ne sont pas produites selon les sp\u00e9cifications du client ou produites conform\u00e9ment \u00e0 ses besoins personnels, peuvent \u00eatre renvoy\u00e9es dans un d\u00e9lai de 14 jours \u00e0 compter de la r\u00e9ception de la marchandise ou de la r\u00e9ception de l'instruction n\u00e9cessaire et de l'accomplissement des obligations d'information et des autres obligations relatives \u00e0 la vente \u00e0 distance et au commerce \u00e9lectronique, sans qu'un motif soit pr\u00e9cis\u00e9, pour autant que la nature de la marchandise permette son renvoi et que la date d'expiration de la marchandise ne soit pas d\u00e9pass\u00e9e. Le d\u00e9lai est consid\u00e9r\u00e9 comme respect\u00e9, \u00e0 condition que les marchandises soient exp\u00e9di\u00e9es rapidement. Les composants individuels d'un ensemble ne peuvent \u00eatre retourn\u00e9s que si ces composants sont propos\u00e9s \u00e0 la vente individuellement par KAPVIE. Les frais de retour sont \u00e0 la charge du consommateur. Pour exercer le droit de r\u00e9tractation, vous devez nous informer (KAPVIE GmbH, Friedrichstra\u00dfe 15, 70174 Stuttgart, Deutschland, Email : customercare@kapvie.com) dans une d\u00e9claration claire de votre d\u00e9cision d'annuler ce contrat.<\/p>\r\n<p>1.2<br \/>En cas de d\u00e9fauts, les marchandises doivent \u00eatre retourn\u00e9es au plus tard 14 jours \u00e0 compter du jour o\u00f9 vous nous communiquez votre r\u00e9siliation du pr\u00e9sent contrat. Les frais et le risque de retour sont \u00e0 la charge de KAPVIE (\u00e0 l'exception des frais suppl\u00e9mentaires d\u00e9coulant du fait que vous avez choisi un type de livraison autre que le type de livraison standard le moins cher que nous proposons). Les obligations de remboursement des paiements seront ex\u00e9cut\u00e9es dans les 30 jours suivant la r\u00e9ception des marchandises retourn\u00e9es. KAPVIE est en droit d'effectuer des d\u00e9ductions sur le prix d'achat pour compenser la perte de valeur. Si des composants individuels d'un ensemble sont retourn\u00e9s, la r\u00e9duction de prix offerte par KAPVIE sur tous les composants d'un ensemble par le prix de l'ensemble ne s'applique pas. Le client ne sera donc rembours\u00e9, pour les composants retourn\u00e9s, que de la diff\u00e9rence entre le prix du set et le prix d'achat des pi\u00e8ces individuelles qu'il conserve. Les retours sont plus faciles \u00e0 traiter si les marchandises sont renvoy\u00e9es dans l'emballage d'origine avec la facture ou le bon de livraison dans un emballage adapt\u00e9 \u00e0 une livraison s\u00fbre.<\/p>\r\n<p>En cas de d\u00e9fauts, les marchandises doivent \u00eatre retourn\u00e9es \u00e0 :<\/p>\r\n<p>Ludwig Meyer GmbH &amp; Co. KG<br \/>Carl-von-Linde-Stra\u00dfe 2<br \/>D-86551 Aichach<br \/>Deutschland<\/p>\r\n<p>Le droit de r\u00e9vocation ne s'applique pas dans le cas des produits suivants :<\/p>\r\n<ul>\r\n<li>Marchandises produites selon les sp\u00e9cifications du client<\/li>\r\n<li>Des marchandises produites conform\u00e9ment aux exigences personnelles<\/li>\r\n<li>Les biens qui peuvent se p\u00e9rimer rapidement<\/li>\r\n<li>Marchandises dont la date de p\u00e9remption est d\u00e9pass\u00e9e<\/li>\r\n<\/ul>","protected":false},"excerpt":{"rendered":"<p>Right of Revocation 1.1Private end customers (consumers) resident in the European Union have the following right of return instead of the right of revocation: Goods that are not quickly perishable and not produced to customer specifications or produced in accordance with the customer\u2019s personal requirements, may be returned within 14 days of receipt of the [&hellip;]<\/p>\n","protected":false},"author":1,"featured_media":0,"parent":0,"menu_order":0,"comment_status":"closed","ping_status":"closed","template":"","meta":{"footnotes":""},"class_list":["post-1322","page","type-page","status-publish","hentry"],"yoast_head":"<!-- This site is optimized with the Yoast SEO plugin v27.4 - https:\/\/yoast.com\/product\/yoast-seo-wordpress\/ -->\n<title>Right of Revocation - Kapvie<\/title>\n<meta name=\"robots\" content=\"index, follow, max-snippet:-1, max-image-preview:large, max-video-preview:-1\" \/>\n<link rel=\"canonical\" href=\"https:\/\/kapvie.com\/fr\/right-of-revocation\/\" \/>\n<meta property=\"og:locale\" content=\"fr_FR\" \/>\n<meta property=\"og:type\" content=\"article\" \/>\n<meta property=\"og:title\" content=\"Right of Revocation - Kapvie\" \/>\n<meta property=\"og:description\" content=\"Right of Revocation 1.1Private end customers (consumers) resident in the European Union have the following right of return instead of the right of revocation: Goods that are not quickly perishable and not produced to customer specifications or produced in accordance with the customer\u2019s personal requirements, may be returned within 14 days of receipt of the [&hellip;]\" \/>\n<meta property=\"og:url\" content=\"https:\/\/kapvie.com\/fr\/right-of-revocation\/\" \/>\n<meta property=\"og:site_name\" content=\"Kapvie\" \/>\n<meta property=\"article:modified_time\" content=\"2022-03-04T06:52:31+00:00\" \/>\n<meta name=\"twitter:card\" content=\"summary_large_image\" \/>\n<meta name=\"twitter:label1\" content=\"Dur\u00e9e de lecture estim\u00e9e\" \/>\n\t<meta name=\"twitter:data1\" content=\"2 minutes\" \/>\n<script type=\"application\/ld+json\" class=\"yoast-schema-graph\">{\"@context\":\"https:\\\/\\\/schema.org\",\"@graph\":[{\"@type\":\"WebPage\",\"@id\":\"https:\\\/\\\/kapvie.com\\\/fr\\\/right-of-revocation\\\/\",\"url\":\"https:\\\/\\\/kapvie.com\\\/fr\\\/right-of-revocation\\\/\",\"name\":\"Right of Revocation - Kapvie\",\"isPartOf\":{\"@id\":\"https:\\\/\\\/kapvie.com\\\/#website\"},\"datePublished\":\"2022-03-04T06:50:49+00:00\",\"dateModified\":\"2022-03-04T06:52:31+00:00\",\"breadcrumb\":{\"@id\":\"https:\\\/\\\/kapvie.com\\\/fr\\\/right-of-revocation\\\/#breadcrumb\"},\"inLanguage\":\"fr-FR\",\"potentialAction\":[{\"@type\":\"ReadAction\",\"target\":[\"https:\\\/\\\/kapvie.com\\\/fr\\\/right-of-revocation\\\/\"]}]},{\"@type\":\"BreadcrumbList\",\"@id\":\"https:\\\/\\\/kapvie.com\\\/fr\\\/right-of-revocation\\\/#breadcrumb\",\"itemListElement\":[{\"@type\":\"ListItem\",\"position\":1,\"name\":\"Home\",\"item\":\"https:\\\/\\\/kapvie.com\\\/\"},{\"@type\":\"ListItem\",\"position\":2,\"name\":\"Right of Revocation\"}]},{\"@type\":\"WebSite\",\"@id\":\"https:\\\/\\\/kapvie.com\\\/#website\",\"url\":\"https:\\\/\\\/kapvie.com\\\/\",\"name\":\"Kapvie\",\"description\":\"Your gateway to Africa\",\"publisher\":{\"@id\":\"https:\\\/\\\/kapvie.com\\\/#organization\"},\"potentialAction\":[{\"@type\":\"SearchAction\",\"target\":{\"@type\":\"EntryPoint\",\"urlTemplate\":\"https:\\\/\\\/kapvie.com\\\/?s={search_term_string}\"},\"query-input\":{\"@type\":\"PropertyValueSpecification\",\"valueRequired\":true,\"valueName\":\"search_term_string\"}}],\"inLanguage\":\"fr-FR\"},{\"@type\":\"Organization\",\"@id\":\"https:\\\/\\\/kapvie.com\\\/#organization\",\"name\":\"Kapvie\",\"url\":\"https:\\\/\\\/kapvie.com\\\/\",\"logo\":{\"@type\":\"ImageObject\",\"inLanguage\":\"fr-FR\",\"@id\":\"https:\\\/\\\/kapvie.com\\\/#\\\/schema\\\/logo\\\/image\\\/\",\"url\":\"https:\\\/\\\/kapvie.com\\\/wp-content\\\/uploads\\\/2022\\\/02\\\/Kapvie-Logo-Invoice.jpg\",\"contentUrl\":\"https:\\\/\\\/kapvie.com\\\/wp-content\\\/uploads\\\/2022\\\/02\\\/Kapvie-Logo-Invoice.jpg\",\"width\":400,\"height\":193,\"caption\":\"Kapvie\"},\"image\":{\"@id\":\"https:\\\/\\\/kapvie.com\\\/#\\\/schema\\\/logo\\\/image\\\/\"}}]}<\/script>\n<!-- \/ Yoast SEO plugin. -->","yoast_head_json":{"title":"Right of Revocation - Kapvie","robots":{"index":"index","follow":"follow","max-snippet":"max-snippet:-1","max-image-preview":"max-image-preview:large","max-video-preview":"max-video-preview:-1"},"canonical":"https:\/\/kapvie.com\/fr\/right-of-revocation\/","og_locale":"fr_FR","og_type":"article","og_title":"Right of Revocation - Kapvie","og_description":"Right of Revocation 1.1Private end customers (consumers) resident in the European Union have the following right of return instead of the right of revocation: Goods that are not quickly perishable and not produced to customer specifications or produced in accordance with the customer\u2019s personal requirements, may be returned within 14 days of receipt of the [&hellip;]","og_url":"https:\/\/kapvie.com\/fr\/right-of-revocation\/","og_site_name":"Kapvie","article_modified_time":"2022-03-04T06:52:31+00:00","twitter_card":"summary_large_image","twitter_misc":{"Dur\u00e9e de lecture estim\u00e9e":"2 minutes"},"schema":{"@context":"https:\/\/schema.org","@graph":[{"@type":"WebPage","@id":"https:\/\/kapvie.com\/fr\/right-of-revocation\/","url":"https:\/\/kapvie.com\/fr\/right-of-revocation\/","name":"Right of Revocation - Kapvie","isPartOf":{"@id":"https:\/\/kapvie.com\/#website"},"datePublished":"2022-03-04T06:50:49+00:00","dateModified":"2022-03-04T06:52:31+00:00","breadcrumb":{"@id":"https:\/\/kapvie.com\/fr\/right-of-revocation\/#breadcrumb"},"inLanguage":"fr-FR","potentialAction":[{"@type":"ReadAction","target":["https:\/\/kapvie.com\/fr\/right-of-revocation\/"]}]},{"@type":"BreadcrumbList","@id":"https:\/\/kapvie.com\/fr\/right-of-revocation\/#breadcrumb","itemListElement":[{"@type":"ListItem","position":1,"name":"Home","item":"https:\/\/kapvie.com\/"},{"@type":"ListItem","position":2,"name":"Right of Revocation"}]},{"@type":"WebSite","@id":"https:\/\/kapvie.com\/#website","url":"https:\/\/kapvie.com\/","name":"Kapvie","description":"Votre porte d'entr\u00e9e en Afrique","publisher":{"@id":"https:\/\/kapvie.com\/#organization"},"potentialAction":[{"@type":"SearchAction","target":{"@type":"EntryPoint","urlTemplate":"https:\/\/kapvie.com\/?s={search_term_string}"},"query-input":{"@type":"PropertyValueSpecification","valueRequired":true,"valueName":"search_term_string"}}],"inLanguage":"fr-FR"},{"@type":"Organization","@id":"https:\/\/kapvie.com\/#organization","name":"Kapvie","url":"https:\/\/kapvie.com\/","logo":{"@type":"ImageObject","inLanguage":"fr-FR","@id":"https:\/\/kapvie.com\/#\/schema\/logo\/image\/","url":"https:\/\/kapvie.com\/wp-content\/uploads\/2022\/02\/Kapvie-Logo-Invoice.jpg","contentUrl":"https:\/\/kapvie.com\/wp-content\/uploads\/2022\/02\/Kapvie-Logo-Invoice.jpg","width":400,"height":193,"caption":"Kapvie"},"image":{"@id":"https:\/\/kapvie.com\/#\/schema\/logo\/image\/"}}]}},"_links":{"self":[{"href":"https:\/\/kapvie.com\/fr\/wp-json\/wp\/v2\/pages\/1322","targetHints":{"allow":["GET"]}}],"collection":[{"href":"https:\/\/kapvie.com\/fr\/wp-json\/wp\/v2\/pages"}],"about":[{"href":"https:\/\/kapvie.com\/fr\/wp-json\/wp\/v2\/types\/page"}],"author":[{"embeddable":true,"href":"https:\/\/kapvie.com\/fr\/wp-json\/wp\/v2\/users\/1"}],"replies":[{"embeddable":true,"href":"https:\/\/kapvie.com\/fr\/wp-json\/wp\/v2\/comments?post=1322"}],"version-history":[{"count":3,"href":"https:\/\/kapvie.com\/fr\/wp-json\/wp\/v2\/pages\/1322\/revisions"}],"predecessor-version":[{"id":1326,"href":"https:\/\/kapvie.com\/fr\/wp-json\/wp\/v2\/pages\/1322\/revisions\/1326"}],"wp:attachment":[{"href":"https:\/\/kapvie.com\/fr\/wp-json\/wp\/v2\/media?parent=1322"}],"curies":[{"name":"wp","href":"https:\/\/api.w.org\/{rel}","templated":true}]}}