{"id":1279,"date":"2022-03-03T09:21:38","date_gmt":"2022-03-03T09:21:38","guid":{"rendered":"https:\/\/kapvie.com\/?page_id=1279"},"modified":"2022-04-18T15:41:22","modified_gmt":"2022-04-18T15:41:22","slug":"shipping-policy","status":"publish","type":"page","link":"https:\/\/kapvie.com\/fr\/shipping-policy\/","title":{"rendered":"Informations de livraison"},"content":{"rendered":"<h1>Informations sur la livraison<\/h1>\r\n<h2>Co\u00fbt de la livraison<\/h2>\r\nLIVRAISON EN EUROPE\r\n<ul>\r\n \t<li>Les commandes pass\u00e9es et pay\u00e9es avant 12h00 un jour de semaine sont normalement exp\u00e9di\u00e9es le jour m\u00eame, sinon elles sont exp\u00e9di\u00e9es le jour ouvrable suivant.<\/li>\r\n \t<li>L'exp\u00e9dition prend 2 \u00e0 3 jours<\/li>\r\n \t<li>Exp\u00e9dition avec DPD Classic<\/li>\r\n \t<li>Voir le tableau d'exp\u00e9dition ci-dessous pour les prix. Le montant \u00e0 payer est mis \u00e0 jour lors du passage \u00e0 la caisse en fonction de l'adresse de livraison.<\/li>\r\n<\/ul>\r\n<h2>Livraison<\/h2>\r\nNous nous effor\u00e7ons de livrer les produits KAPVIE en parfait \u00e9tat. N\u00e9anmoins, nos produits peuvent \u00eatre sujets \u00e0 des dommages dus au transport et \u00e0 la livraison. Dans ce cas, veuillez nous contacter \u00e0 customercare@kapvie.com afin de trouver ensemble une solution. Si tout est livr\u00e9 \u00e0 votre satisfaction, nous serions heureux de recevoir des commentaires positifs.\r\n<h2>Conditions de livraison<\/h2>\r\nDeliveries are made to the Countries as per Shipping table of DPD Zones below.\r\n\r\nDelivery prices are updated at checkout once delivery address has been provided. Available Countries for delivery as per Address dropdown menu at checkout.\r\n\r\nKAPVIE shall not be held liable for delays caused by events beyond its control, e.g. force majeure, traffic congestion, severe weather conditions or the unusual, unexpected holding of the goods by customs authorities, and such events shall not entitle the customer to withdraw from the purchase contract or claim compensation.\r\n\r\nIf not all the products ordered are in stock, KAPVIE is entitled to make part-deliveries.\r\n\r\nIf the goods cannot be delivered through the fault of the customer, KAPVIE shall be entitled to withdraw from the contract after three attempts at delivery. No refunds for unsuccessful deliveries (non-collection, incorrect shipping address\u2026).\r\n\r\n&nbsp;\r\n<table width=\"1159\">\r\n<tbody>\r\n<tr>\r\n<td width=\"20\"><\/td>\r\n<td width=\"19\"><\/td>\r\n<td width=\"95\">Germany<\/td>\r\n<td width=\"112\">Switzerland<\/td>\r\n<td width=\"143\">Belgium, Luxembourg,\r\nNetherlands,\r\nAustria<\/td>\r\n<td width=\"105\">Denmark,\r\nCzech\r\nRepublic<\/td>\r\n<td width=\"100\">France<\/td>\r\n<td width=\"125\">Italy, Poland,\r\nSlovakia, Slovenia,\r\nHungary<\/td>\r\n<td width=\"109\">Ireland, Portugal,\r\nSweden,\r\nSpain<\/td>\r\n<td width=\"107\">Estonia, Finland,\r\nCroatia,\r\nLatvia,\r\nLithuania<\/td>\r\n<td width=\"119\">Bulgaria,\r\nGreece, Romania,<\/td>\r\n<td width=\"105\">Norway<\/td>\r\n<\/tr>\r\n<tr>\r\n<td width=\"20\"><\/td>\r\n<td width=\"19\"><\/td>\r\n<td width=\"95\">Deutschland<\/td>\r\n<td width=\"112\">Schweiz<\/td>\r\n<td width=\"143\">Belgien, Luxemburg,\r\nNiederlande,\r\n\u00d6sterreich<\/td>\r\n<td width=\"105\">D\u00e4nemark,\r\nTschechische\r\nRepublik<\/td>\r\n<td width=\"100\">Frankreich<\/td>\r\n<td width=\"125\">Italien, Polen,\r\nSlowakei, Slowenien,\r\nUngarn<\/td>\r\n<td width=\"109\">Irland, Portugal,\r\nSchweden,\r\nSpanien<\/td>\r\n<td width=\"107\">Estland, Finnland,\r\nKroatien,\r\nLettland,\r\nLitauen,<\/td>\r\n<td>Bulgarien,\r\nGriechenland, Rum\u00e4nien,<\/td>\r\n<td width=\"105\">Norwegen<\/td>\r\n<\/tr>\r\n<tr>\r\n<td width=\"20\"><\/td>\r\n<td width=\"19\"><\/td>\r\n<td width=\"95\">Germany<\/td>\r\n<td width=\"112\">Switzerland<\/td>\r\n<td width=\"143\">DPD\r\nZone 1-1<\/td>\r\n<td width=\"105\">DPD\r\nZone 1-2<\/td>\r\n<td width=\"100\">DPD\r\nZone 1-3<\/td>\r\n<td width=\"125\">DPD\r\nZone 1-4<\/td>\r\n<td width=\"109\">DPD\r\nZone 1-5<\/td>\r\n<td width=\"107\">DP\r\nZone 1-6<\/td>\r\n<td width=\"119\">DPD\r\nZone 1-7<\/td>\r\n<td width=\"105\">Norway Delivered Duty Paid (DDP)<\/td>\r\n<\/tr>\r\n<tr>\r\n<td width=\"20\"><\/td>\r\n<td width=\"19\"><\/td>\r\n<td width=\"95\"><\/td>\r\n<td width=\"112\"><\/td>\r\n<td width=\"143\"><\/td>\r\n<td width=\"105\"><\/td>\r\n<td width=\"100\"><\/td>\r\n<td width=\"125\"><\/td>\r\n<td width=\"109\"><\/td>\r\n<td width=\"107\"><\/td>\r\n<td width=\"119\"><\/td>\r\n<td width=\"105\"><\/td>\r\n<\/tr>\r\n<tr>\r\n<td width=\"20\"><\/td>\r\n<td width=\"19\"><\/td>\r\n<td width=\"95\">Free from \u20ac60<\/td>\r\n<td width=\"112\">Free from\r\n\u20ac60<\/td>\r\n<td width=\"143\">Free from\r\n\u20ac60<\/td>\r\n<td width=\"105\">Free from \u20ac60<\/td>\r\n<td width=\"100\">Free from \u20ac60<\/td>\r\n<td width=\"125\">Free from\r\n\u20ac100<\/td>\r\n<td width=\"109\">Free from \u20ac110<\/td>\r\n<td width=\"107\">Free from \u20ac130<\/td>\r\n<td width=\"119\">Free from\r\n\u20ac250<\/td>\r\n<td width=\"105\">Free from \u20ac300<\/td>\r\n<\/tr>\r\n<tr>\r\n<td width=\"20\">2<\/td>\r\n<td width=\"19\">kg<\/td>\r\n<td width=\"95\">\u20ac 10.00<\/td>\r\n<td width=\"112\">\u20ac 10.00<\/td>\r\n<td width=\"143\">\u20ac 10.00<\/td>\r\n<td width=\"105\">\u20ac 10.00<\/td>\r\n<td width=\"100\">\u20ac 10.00<\/td>\r\n<td width=\"125\">\u20ac 15.20<\/td>\r\n<td width=\"109\">\u20ac 18.28<\/td>\r\n<td width=\"107\">\u20ac 21.65<\/td>\r\n<td width=\"119\">\u20ac 38.81<\/td>\r\n<td width=\"105\">\u20ac 47.65<\/td>\r\n<\/tr>\r\n<tr>\r\n<td width=\"20\">4<\/td>\r\n<td width=\"19\">kg<\/td>\r\n<td width=\"95\">\u20ac 10.00<\/td>\r\n<td width=\"112\">\u20ac 10.00<\/td>\r\n<td width=\"143\">\u20ac 10.00<\/td>\r\n<td width=\"105\">\u20ac 10.00<\/td>\r\n<td width=\"100\">\u20ac 10.00<\/td>\r\n<td width=\"125\">\u20ac 16.36<\/td>\r\n<td width=\"109\">\u20ac 19.56<\/td>\r\n<td width=\"107\">\u20ac 23.11<\/td>\r\n<td width=\"119\">\u20ac 40.81<\/td>\r\n<td width=\"105\">\u20ac 49.11<\/td>\r\n<\/tr>\r\n<tr>\r\n<td width=\"20\">6<\/td>\r\n<td width=\"19\">kg<\/td>\r\n<td width=\"95\">\u20ac 10.00<\/td>\r\n<td width=\"112\">\u20ac 10.00<\/td>\r\n<td width=\"143\">\u20ac 10.00<\/td>\r\n<td width=\"105\">\u20ac 11.05<\/td>\r\n<td width=\"100\">\u20ac 14.40<\/td>\r\n<td width=\"125\">\u20ac 17.41<\/td>\r\n<td width=\"109\">\u20ac 20.71<\/td>\r\n<td width=\"107\">\u20ac 24.36<\/td>\r\n<td width=\"119\">\u20ac 42.82<\/td>\r\n<td width=\"105\">\u20ac 50.36<\/td>\r\n<\/tr>\r\n<tr>\r\n<td width=\"20\">8<\/td>\r\n<td width=\"19\">kg<\/td>\r\n<td width=\"95\">\u20ac 10.00<\/td>\r\n<td width=\"112\">\u20ac 10.00<\/td>\r\n<td width=\"143\">\u20ac 10.45<\/td>\r\n<td width=\"105\">\u20ac 11.90<\/td>\r\n<td width=\"100\">\u20ac 15.39<\/td>\r\n<td width=\"125\">\u20ac 18.49<\/td>\r\n<td width=\"109\">\u20ac 21.91<\/td>\r\n<td width=\"107\">\u20ac 25.67<\/td>\r\n<td width=\"119\">\u20ac 44.99<\/td>\r\n<td width=\"105\">\u20ac 51.67<\/td>\r\n<\/tr>\r\n<tr>\r\n<td width=\"20\">10<\/td>\r\n<td width=\"19\">kg<\/td>\r\n<td width=\"95\">\u20ac 10.00<\/td>\r\n<td width=\"112\">\u20ac 10.00<\/td>\r\n<td width=\"143\">\u20ac 11.38<\/td>\r\n<td width=\"105\">\u20ac 12.88<\/td>\r\n<td width=\"100\">\u20ac 16.54<\/td>\r\n<td width=\"125\">\u20ac 19.76<\/td>\r\n<td width=\"109\">\u20ac 23.16<\/td>\r\n<td width=\"107\">\u20ac 27.13<\/td>\r\n<td width=\"119\">\u20ac 47.60<\/td>\r\n<td width=\"105\">\u20ac 53.13<\/td>\r\n<\/tr>\r\n<tr>\r\n<td width=\"20\">12<\/td>\r\n<td width=\"19\">kg<\/td>\r\n<td width=\"95\">\u20ac 10.00<\/td>\r\n<td width=\"112\">\u20ac 20.00<\/td>\r\n<td width=\"143\">\u20ac 12.28<\/td>\r\n<td width=\"105\">\u20ac 13.83<\/td>\r\n<td width=\"100\">\u20ac 17.70<\/td>\r\n<td width=\"125\">\u20ac 21.00<\/td>\r\n<td width=\"109\">\u20ac 24.42<\/td>\r\n<td width=\"107\">\u20ac 28.57<\/td>\r\n<td width=\"119\">\u20ac 50.10<\/td>\r\n<td width=\"105\">\u20ac 54.57<\/td>\r\n<\/tr>\r\n<tr>\r\n<td width=\"20\">14<\/td>\r\n<td width=\"19\">kg<\/td>\r\n<td width=\"95\">\u20ac 10.00<\/td>\r\n<td width=\"112\">\u20ac 20.00<\/td>\r\n<td width=\"143\">\u20ac 13.21<\/td>\r\n<td width=\"105\">\u20ac 14.81<\/td>\r\n<td width=\"100\">\u20ac 18.85<\/td>\r\n<td width=\"125\">\u20ac 22.27<\/td>\r\n<td width=\"109\">\u20ac 25.67<\/td>\r\n<td width=\"107\">\u20ac 30.03<\/td>\r\n<td width=\"119\">\u20ac 52.73<\/td>\r\n<td width=\"105\">\u20ac 56.03<\/td>\r\n<\/tr>\r\n<tr>\r\n<td width=\"20\">16<\/td>\r\n<td width=\"19\">kg<\/td>\r\n<td width=\"95\">\u20ac 10.00<\/td>\r\n<td width=\"112\">\u20ac 20.00<\/td>\r\n<td width=\"143\">\u20ac 14.10<\/td>\r\n<td width=\"105\">\u20ac 15.76<\/td>\r\n<td width=\"100\">\u20ac 20.05<\/td>\r\n<td width=\"125\">\u20ac 23.58<\/td>\r\n<td width=\"109\">\u20ac 26.99<\/td>\r\n<td width=\"107\">\u20ac 31.57<\/td>\r\n<td width=\"119\">\u20ac 55.22<\/td>\r\n<td width=\"105\">\u20ac 57.57<\/td>\r\n<\/tr>\r\n<tr>\r\n<td width=\"20\">18<\/td>\r\n<td width=\"19\">kg<\/td>\r\n<td width=\"95\">\u20ac 10.00<\/td>\r\n<td width=\"112\">\u20ac 20.00<\/td>\r\n<td width=\"143\">\u20ac 15.01<\/td>\r\n<td width=\"105\">\u20ac 16.71<\/td>\r\n<td width=\"100\">\u20ac 21.21<\/td>\r\n<td width=\"125\">\u20ac 24.83<\/td>\r\n<td width=\"109\">\u20ac 28.24<\/td>\r\n<td width=\"107\">\u20ac 33.02<\/td>\r\n<td width=\"119\">\u20ac 57.72<\/td>\r\n<td width=\"105\">\u20ac 59.02<\/td>\r\n<\/tr>\r\n<tr>\r\n<td width=\"20\">20<\/td>\r\n<td width=\"19\">kg<\/td>\r\n<td width=\"95\">\u20ac 10.00<\/td>\r\n<td width=\"112\">\u20ac 20.00<\/td>\r\n<td width=\"143\">\u20ac 15.90<\/td>\r\n<td width=\"105\">\u20ac 17.66<\/td>\r\n<td width=\"100\">\u20ac 22.36<\/td>\r\n<td width=\"125\">\u20ac 26.08<\/td>\r\n<td width=\"109\">\u20ac 29.50<\/td>\r\n<td width=\"107\">\u20ac 34.49<\/td>\r\n<td width=\"119\">\u20ac 60.23<\/td>\r\n<td width=\"105\">\u20ac 60.49<\/td>\r\n<\/tr>\r\n<tr>\r\n<td width=\"20\">25<\/td>\r\n<td width=\"19\">kg<\/td>\r\n<td width=\"95\">\u20ac 10.00<\/td>\r\n<td width=\"112\">\u20ac 20.00<\/td>\r\n<td width=\"143\">\u20ac 18.05<\/td>\r\n<td width=\"105\">\u20ac 19.85<\/td>\r\n<td width=\"100\">\u20ac 24.63<\/td>\r\n<td width=\"125\">\u20ac 28.50<\/td>\r\n<td width=\"109\">\u20ac 31.97<\/td>\r\n<td width=\"107\">\u20ac 37.13<\/td>\r\n<td width=\"119\">\u20ac 65.31<\/td>\r\n<td width=\"105\">\u20ac 63.13<\/td>\r\n<\/tr>\r\n<tr>\r\n<td width=\"20\">30<\/td>\r\n<td width=\"19\">kg<\/td>\r\n<td width=\"95\">\u20ac 10.00<\/td>\r\n<td width=\"112\">\u20ac 20.00<\/td>\r\n<td width=\"143\">\u20ac 20.26<\/td>\r\n<td width=\"105\">\u20ac 22.15<\/td>\r\n<td width=\"100\">\u20ac 27.03<\/td>\r\n<td width=\"125\">\u20ac 31.11<\/td>\r\n<td width=\"109\">\u20ac 34.67<\/td>\r\n<td width=\"107\">\u20ac 40.01<\/td>\r\n<td width=\"119\">\u20ac 71.72<\/td>\r\n<td width=\"105\">\u20ac 66.01<\/td>\r\n<\/tr>\r\n<\/tbody>\r\n<\/table>\r\n<!-- \/wp:post-content -->","protected":false},"excerpt":{"rendered":"<p>Delivery Information Delivery Cost DELIVERY WITHIN EUROPE Orders that are placed and paid by 12:00 on a weekday are normally shipped on the same day, otherwise they are shipped the following workday Shipping takes 2-3 days Shipping using DPD Classic See shipping table below for pricing. Amount payable is updated at checkout according to delivery [&hellip;]<\/p>\n","protected":false},"author":1,"featured_media":0,"parent":0,"menu_order":0,"comment_status":"closed","ping_status":"closed","template":"","meta":{"footnotes":""},"class_list":["post-1279","page","type-page","status-publish","hentry"],"yoast_head":"<!-- This site is optimized with the Yoast SEO plugin v27.4 - https:\/\/yoast.com\/product\/yoast-seo-wordpress\/ -->\n<title>Shipping Policy - Kapvie<\/title>\n<meta name=\"robots\" content=\"index, follow, max-snippet:-1, max-image-preview:large, max-video-preview:-1\" \/>\n<link rel=\"canonical\" href=\"https:\/\/kapvie.com\/fr\/shipping-policy\/\" \/>\n<meta property=\"og:locale\" content=\"fr_FR\" \/>\n<meta property=\"og:type\" content=\"article\" \/>\n<meta property=\"og:title\" content=\"Shipping Policy - Kapvie\" \/>\n<meta property=\"og:description\" content=\"Delivery Information Delivery Cost DELIVERY WITHIN EUROPE Orders that are placed and paid by 12:00 on a weekday are normally shipped on the same day, otherwise they are shipped the following workday Shipping takes 2-3 days Shipping using DPD Classic See shipping table below for pricing. Amount payable is updated at checkout according to delivery [&hellip;]\" \/>\n<meta property=\"og:url\" content=\"https:\/\/kapvie.com\/fr\/shipping-policy\/\" \/>\n<meta property=\"og:site_name\" content=\"Kapvie\" \/>\n<meta property=\"article:modified_time\" content=\"2022-04-18T15:41:22+00:00\" \/>\n<meta name=\"twitter:card\" content=\"summary_large_image\" \/>\n<meta name=\"twitter:label1\" content=\"Dur\u00e9e de lecture estim\u00e9e\" \/>\n\t<meta name=\"twitter:data1\" content=\"2 minutes\" \/>\n<script type=\"application\/ld+json\" class=\"yoast-schema-graph\">{\"@context\":\"https:\\\/\\\/schema.org\",\"@graph\":[{\"@type\":\"WebPage\",\"@id\":\"https:\\\/\\\/kapvie.com\\\/shipping-policy\\\/\",\"url\":\"https:\\\/\\\/kapvie.com\\\/shipping-policy\\\/\",\"name\":\"Shipping Policy - Kapvie\",\"isPartOf\":{\"@id\":\"https:\\\/\\\/kapvie.com\\\/#website\"},\"datePublished\":\"2022-03-03T09:21:38+00:00\",\"dateModified\":\"2022-04-18T15:41:22+00:00\",\"breadcrumb\":{\"@id\":\"https:\\\/\\\/kapvie.com\\\/shipping-policy\\\/#breadcrumb\"},\"inLanguage\":\"fr-FR\",\"potentialAction\":[{\"@type\":\"ReadAction\",\"target\":[\"https:\\\/\\\/kapvie.com\\\/shipping-policy\\\/\"]}]},{\"@type\":\"BreadcrumbList\",\"@id\":\"https:\\\/\\\/kapvie.com\\\/shipping-policy\\\/#breadcrumb\",\"itemListElement\":[{\"@type\":\"ListItem\",\"position\":1,\"name\":\"Home\",\"item\":\"https:\\\/\\\/kapvie.com\\\/\"},{\"@type\":\"ListItem\",\"position\":2,\"name\":\"Shipping Policy\"}]},{\"@type\":\"WebSite\",\"@id\":\"https:\\\/\\\/kapvie.com\\\/#website\",\"url\":\"https:\\\/\\\/kapvie.com\\\/\",\"name\":\"Kapvie\",\"description\":\"Your gateway to Africa\",\"publisher\":{\"@id\":\"https:\\\/\\\/kapvie.com\\\/#organization\"},\"potentialAction\":[{\"@type\":\"SearchAction\",\"target\":{\"@type\":\"EntryPoint\",\"urlTemplate\":\"https:\\\/\\\/kapvie.com\\\/?s={search_term_string}\"},\"query-input\":{\"@type\":\"PropertyValueSpecification\",\"valueRequired\":true,\"valueName\":\"search_term_string\"}}],\"inLanguage\":\"fr-FR\"},{\"@type\":\"Organization\",\"@id\":\"https:\\\/\\\/kapvie.com\\\/#organization\",\"name\":\"Kapvie\",\"url\":\"https:\\\/\\\/kapvie.com\\\/\",\"logo\":{\"@type\":\"ImageObject\",\"inLanguage\":\"fr-FR\",\"@id\":\"https:\\\/\\\/kapvie.com\\\/#\\\/schema\\\/logo\\\/image\\\/\",\"url\":\"https:\\\/\\\/kapvie.com\\\/wp-content\\\/uploads\\\/2022\\\/02\\\/Kapvie-Logo-Invoice.jpg\",\"contentUrl\":\"https:\\\/\\\/kapvie.com\\\/wp-content\\\/uploads\\\/2022\\\/02\\\/Kapvie-Logo-Invoice.jpg\",\"width\":400,\"height\":193,\"caption\":\"Kapvie\"},\"image\":{\"@id\":\"https:\\\/\\\/kapvie.com\\\/#\\\/schema\\\/logo\\\/image\\\/\"}}]}<\/script>\n<!-- \/ Yoast SEO plugin. -->","yoast_head_json":{"title":"Shipping Policy - Kapvie","robots":{"index":"index","follow":"follow","max-snippet":"max-snippet:-1","max-image-preview":"max-image-preview:large","max-video-preview":"max-video-preview:-1"},"canonical":"https:\/\/kapvie.com\/fr\/shipping-policy\/","og_locale":"fr_FR","og_type":"article","og_title":"Shipping Policy - Kapvie","og_description":"Delivery Information Delivery Cost DELIVERY WITHIN EUROPE Orders that are placed and paid by 12:00 on a weekday are normally shipped on the same day, otherwise they are shipped the following workday Shipping takes 2-3 days Shipping using DPD Classic See shipping table below for pricing. Amount payable is updated at checkout according to delivery [&hellip;]","og_url":"https:\/\/kapvie.com\/fr\/shipping-policy\/","og_site_name":"Kapvie","article_modified_time":"2022-04-18T15:41:22+00:00","twitter_card":"summary_large_image","twitter_misc":{"Dur\u00e9e de lecture estim\u00e9e":"2 minutes"},"schema":{"@context":"https:\/\/schema.org","@graph":[{"@type":"WebPage","@id":"https:\/\/kapvie.com\/shipping-policy\/","url":"https:\/\/kapvie.com\/shipping-policy\/","name":"Shipping Policy - Kapvie","isPartOf":{"@id":"https:\/\/kapvie.com\/#website"},"datePublished":"2022-03-03T09:21:38+00:00","dateModified":"2022-04-18T15:41:22+00:00","breadcrumb":{"@id":"https:\/\/kapvie.com\/shipping-policy\/#breadcrumb"},"inLanguage":"fr-FR","potentialAction":[{"@type":"ReadAction","target":["https:\/\/kapvie.com\/shipping-policy\/"]}]},{"@type":"BreadcrumbList","@id":"https:\/\/kapvie.com\/shipping-policy\/#breadcrumb","itemListElement":[{"@type":"ListItem","position":1,"name":"Home","item":"https:\/\/kapvie.com\/"},{"@type":"ListItem","position":2,"name":"Shipping Policy"}]},{"@type":"WebSite","@id":"https:\/\/kapvie.com\/#website","url":"https:\/\/kapvie.com\/","name":"Kapvie","description":"Votre porte d'entr\u00e9e en Afrique","publisher":{"@id":"https:\/\/kapvie.com\/#organization"},"potentialAction":[{"@type":"SearchAction","target":{"@type":"EntryPoint","urlTemplate":"https:\/\/kapvie.com\/?s={search_term_string}"},"query-input":{"@type":"PropertyValueSpecification","valueRequired":true,"valueName":"search_term_string"}}],"inLanguage":"fr-FR"},{"@type":"Organization","@id":"https:\/\/kapvie.com\/#organization","name":"Kapvie","url":"https:\/\/kapvie.com\/","logo":{"@type":"ImageObject","inLanguage":"fr-FR","@id":"https:\/\/kapvie.com\/#\/schema\/logo\/image\/","url":"https:\/\/kapvie.com\/wp-content\/uploads\/2022\/02\/Kapvie-Logo-Invoice.jpg","contentUrl":"https:\/\/kapvie.com\/wp-content\/uploads\/2022\/02\/Kapvie-Logo-Invoice.jpg","width":400,"height":193,"caption":"Kapvie"},"image":{"@id":"https:\/\/kapvie.com\/#\/schema\/logo\/image\/"}}]}},"_links":{"self":[{"href":"https:\/\/kapvie.com\/fr\/wp-json\/wp\/v2\/pages\/1279","targetHints":{"allow":["GET"]}}],"collection":[{"href":"https:\/\/kapvie.com\/fr\/wp-json\/wp\/v2\/pages"}],"about":[{"href":"https:\/\/kapvie.com\/fr\/wp-json\/wp\/v2\/types\/page"}],"author":[{"embeddable":true,"href":"https:\/\/kapvie.com\/fr\/wp-json\/wp\/v2\/users\/1"}],"replies":[{"embeddable":true,"href":"https:\/\/kapvie.com\/fr\/wp-json\/wp\/v2\/comments?post=1279"}],"version-history":[{"count":10,"href":"https:\/\/kapvie.com\/fr\/wp-json\/wp\/v2\/pages\/1279\/revisions"}],"predecessor-version":[{"id":1518,"href":"https:\/\/kapvie.com\/fr\/wp-json\/wp\/v2\/pages\/1279\/revisions\/1518"}],"wp:attachment":[{"href":"https:\/\/kapvie.com\/fr\/wp-json\/wp\/v2\/media?parent=1279"}],"curies":[{"name":"wp","href":"https:\/\/api.w.org\/{rel}","templated":true}]}}