{"id":1121,"date":"2021-12-01T11:40:43","date_gmt":"2021-12-01T11:40:43","guid":{"rendered":"https:\/\/kapvie.com\/?page_id=1121"},"modified":"2022-03-03T10:55:45","modified_gmt":"2022-03-03T10:55:45","slug":"legal-notice-impressum","status":"publish","type":"page","link":"https:\/\/kapvie.com\/fr\/legal-notice-impressum\/","title":{"rendered":"Legal Notice Impressum"},"content":{"rendered":"<p><\/p>\r\n<h2 class=\"wp-block-heading\">Avis juridique\/Impressum<\/h2>\r\n<p class=\"translation-block\">Informations fournies conform\u00e9ment \u00e0 l'article 5 de la loi allemande sur les t\u00e9l\u00e9m\u00e9dias (TMG) :\nKAPVIE GmbH\nFriedrichstra\u00dfe 15,\n70174 Stuttgart, Deutschland<\/p>\r\n<p><strong>Repr\u00e9sent\u00e9 par :<\/strong><br \/>Philip Stegen<\/p>\r\n<p><strong>Contacter<\/strong><\/p>\r\n<p>T\u00e9l\u00e9phone : +49 711 49039519<br \/>Courriel: customercare@kapvie.com<\/p>\r\n<p><strong>Inscription au registre :<\/strong><\/p>\r\n<p>Inscription dans le Handelsregister.<br \/>Registering court: Stuttgart<br \/>Registration number: HRB-Nr. 781802<\/p>\r\n<p><strong>TVA :<\/strong><\/p>\r\n<p>Num\u00e9ro d'identification TVA : DE349647800<\/p>\r\n<h3>R\u00e9solution des litiges<\/h3>\r\n<p class=\"translation-block\">La Commission europ\u00e9enne met \u00e0 disposition une plateforme de r\u00e9solution en ligne des litiges (OS) : https:\/\/ec.europa.eu\/consumers\/odr.<br>Veuillez trouver notre courriel dans l'impressum\/notice juridique.<br>Nous ne participons pas aux r\u00e9solutions en ligne des litiges aupr\u00e8s des conseils d'arbitrage des consommateurs.<\/p>\r\n<h3>Responsabilit\u00e9 du contenu<\/h3>\r\n<p class=\"translation-block\">En tant que prestataires de services, nous sommes responsables du contenu de ces sites conform\u00e9ment \u00e0 l'article 7, paragraphe 1 de la loi allemande sur les t\u00e9l\u00e9m\u00e9dias (TMG). Toutefois, conform\u00e9ment aux articles 8 \u00e0 10 de la loi allemande sur les t\u00e9l\u00e9m\u00e9dias (TMG), les prestataires de services ne sont pas tenus de surveiller en permanence les informations transmises ou stock\u00e9es ni de rechercher des preuves d'activit\u00e9s ill\u00e9gales. \nLes obligations l\u00e9gales de suppression des informations ou de blocage de l'utilisation des informations ne sont pas remises en cause. Dans ce cas, la responsabilit\u00e9 n'est possible qu'au moment de la connaissance d'une violation sp\u00e9cifique de la loi. Les contenus ill\u00e9gaux seront supprim\u00e9s imm\u00e9diatement d\u00e8s que nous en aurons connaissance.<\/p>\r\n<h3>Responsabilit\u00e9 pour les liens<\/h3>\r\n<p>Notre offre comprend des liens vers des sites Web externes de tiers. Nous n'avons aucune influence sur le contenu de ces sites et ne pouvons donc pas nous porter garants de leur contenu. Les fournisseurs ou administrateurs des sites li\u00e9s sont toujours responsables de leur propre contenu.<br \/>Les sites web li\u00e9s ont \u00e9t\u00e9 contr\u00f4l\u00e9s quant \u00e0 d'\u00e9ventuelles violations de la loi au moment de l'\u00e9tablissement du lien. Aucun contenu ill\u00e9gal n'a \u00e9t\u00e9 d\u00e9tect\u00e9 au moment de l'\u00e9tablissement du lien. Un contr\u00f4le permanent du contenu des sites li\u00e9s ne peut \u00eatre impos\u00e9 sans indices raisonnables d'une violation de la loi. Les liens ill\u00e9gaux seront imm\u00e9diatement supprim\u00e9s d\u00e8s que nous en aurons connaissance.<\/p>\r\n<h3>Copyright<\/h3>\r\n<p>Les contenus et les compilations publi\u00e9s sur ces sites par les fournisseurs sont soumis aux lois allemandes sur le droit d'auteur. La reproduction, l'\u00e9dition, la distribution ainsi que l'utilisation de toute sorte en dehors du cadre de la loi sur le droit d'auteur n\u00e9cessitent une autorisation \u00e9crite de l'auteur ou du cr\u00e9ateur. Les t\u00e9l\u00e9chargements et les copies de ces sites web ne sont autoris\u00e9s que pour un usage priv\u00e9.<br \/>L'utilisation commerciale de nos contenus sans l'autorisation de l'auteur est interdite.<br \/>Les droits d'auteur des tiers sont respect\u00e9s pour autant que le contenu de ces sites ne provienne pas du fournisseur. Les contributions de tiers sur ce site sont indiqu\u00e9es comme telles. Toutefois, si vous constatez une quelconque violation du droit d'auteur, veuillez nous en informer. De tels contenus seront imm\u00e9diatement supprim\u00e9s.<\/p>\r\n<p><strong>Site g\u00e9r\u00e9 par <a href=\"https:\/\/v-reality.co.za\/\" target=\"_blank\" rel=\"noopener\">V-Reality<\/a><\/strong><\/p>\r\n<p><\/p>","protected":false},"excerpt":{"rendered":"<p>Legal Notice\/Impressum Information provided according to Sec. 5 German Telemedia Act (TMG):KAPVIE GmbH Friedrichstra\u00dfe 15,70174 Stuttgart, Deutschland Represented by:Philip Stegen Contact: Telephone: +49 711 49039519Email: customercare@kapvie.com Register entry: Entry in the Handelsregister.Registering court: StuttgartRegistration number: HRB-Nr. 781802 VAT: VAT Id number: DE349647800 Dispute resolution The European Commission provides a platform for online dispute resolution (OS): [&hellip;]<\/p>\n","protected":false},"author":1,"featured_media":0,"parent":0,"menu_order":0,"comment_status":"closed","ping_status":"closed","template":"","meta":{"footnotes":""},"class_list":["post-1121","page","type-page","status-publish","hentry"],"yoast_head":"<!-- This site is optimized with the Yoast SEO plugin v27.3 - https:\/\/yoast.com\/product\/yoast-seo-wordpress\/ -->\n<title>Legal Notice Impressum - Kapvie<\/title>\n<meta name=\"robots\" content=\"index, follow, max-snippet:-1, max-image-preview:large, max-video-preview:-1\" \/>\n<link rel=\"canonical\" href=\"https:\/\/kapvie.com\/fr\/legal-notice-impressum\/\" \/>\n<meta property=\"og:locale\" content=\"fr_FR\" \/>\n<meta property=\"og:type\" content=\"article\" \/>\n<meta property=\"og:title\" content=\"Legal Notice Impressum - Kapvie\" \/>\n<meta property=\"og:description\" content=\"Legal Notice\/Impressum Information provided according to Sec. 5 German Telemedia Act (TMG):KAPVIE GmbH Friedrichstra\u00dfe 15,70174 Stuttgart, Deutschland Represented by:Philip Stegen Contact: Telephone: +49 711 49039519Email: customercare@kapvie.com Register entry: Entry in the Handelsregister.Registering court: StuttgartRegistration number: HRB-Nr. 781802 VAT: VAT Id number: DE349647800 Dispute resolution The European Commission provides a platform for online dispute resolution (OS): [&hellip;]\" \/>\n<meta property=\"og:url\" content=\"https:\/\/kapvie.com\/fr\/legal-notice-impressum\/\" \/>\n<meta property=\"og:site_name\" content=\"Kapvie\" \/>\n<meta property=\"article:modified_time\" content=\"2022-03-03T10:55:45+00:00\" \/>\n<meta name=\"twitter:card\" content=\"summary_large_image\" \/>\n<meta name=\"twitter:label1\" content=\"Dur\u00e9e de lecture estim\u00e9e\" \/>\n\t<meta name=\"twitter:data1\" content=\"2 minutes\" \/>\n<script type=\"application\/ld+json\" class=\"yoast-schema-graph\">{\"@context\":\"https:\\\/\\\/schema.org\",\"@graph\":[{\"@type\":\"WebPage\",\"@id\":\"https:\\\/\\\/kapvie.com\\\/legal-notice-impressum\\\/\",\"url\":\"https:\\\/\\\/kapvie.com\\\/legal-notice-impressum\\\/\",\"name\":\"Legal Notice Impressum - Kapvie\",\"isPartOf\":{\"@id\":\"https:\\\/\\\/kapvie.com\\\/#website\"},\"datePublished\":\"2021-12-01T11:40:43+00:00\",\"dateModified\":\"2022-03-03T10:55:45+00:00\",\"breadcrumb\":{\"@id\":\"https:\\\/\\\/kapvie.com\\\/legal-notice-impressum\\\/#breadcrumb\"},\"inLanguage\":\"fr-FR\",\"potentialAction\":[{\"@type\":\"ReadAction\",\"target\":[\"https:\\\/\\\/kapvie.com\\\/legal-notice-impressum\\\/\"]}]},{\"@type\":\"BreadcrumbList\",\"@id\":\"https:\\\/\\\/kapvie.com\\\/legal-notice-impressum\\\/#breadcrumb\",\"itemListElement\":[{\"@type\":\"ListItem\",\"position\":1,\"name\":\"Home\",\"item\":\"https:\\\/\\\/kapvie.com\\\/\"},{\"@type\":\"ListItem\",\"position\":2,\"name\":\"Legal Notice Impressum\"}]},{\"@type\":\"WebSite\",\"@id\":\"https:\\\/\\\/kapvie.com\\\/#website\",\"url\":\"https:\\\/\\\/kapvie.com\\\/\",\"name\":\"Kapvie\",\"description\":\"Your gateway to Africa\",\"publisher\":{\"@id\":\"https:\\\/\\\/kapvie.com\\\/#organization\"},\"potentialAction\":[{\"@type\":\"SearchAction\",\"target\":{\"@type\":\"EntryPoint\",\"urlTemplate\":\"https:\\\/\\\/kapvie.com\\\/?s={search_term_string}\"},\"query-input\":{\"@type\":\"PropertyValueSpecification\",\"valueRequired\":true,\"valueName\":\"search_term_string\"}}],\"inLanguage\":\"fr-FR\"},{\"@type\":\"Organization\",\"@id\":\"https:\\\/\\\/kapvie.com\\\/#organization\",\"name\":\"Kapvie\",\"url\":\"https:\\\/\\\/kapvie.com\\\/\",\"logo\":{\"@type\":\"ImageObject\",\"inLanguage\":\"fr-FR\",\"@id\":\"https:\\\/\\\/kapvie.com\\\/#\\\/schema\\\/logo\\\/image\\\/\",\"url\":\"https:\\\/\\\/kapvie.com\\\/wp-content\\\/uploads\\\/2022\\\/02\\\/Kapvie-Logo-Invoice.jpg\",\"contentUrl\":\"https:\\\/\\\/kapvie.com\\\/wp-content\\\/uploads\\\/2022\\\/02\\\/Kapvie-Logo-Invoice.jpg\",\"width\":400,\"height\":193,\"caption\":\"Kapvie\"},\"image\":{\"@id\":\"https:\\\/\\\/kapvie.com\\\/#\\\/schema\\\/logo\\\/image\\\/\"}}]}<\/script>\n<!-- \/ Yoast SEO plugin. -->","yoast_head_json":{"title":"Legal Notice Impressum - Kapvie","robots":{"index":"index","follow":"follow","max-snippet":"max-snippet:-1","max-image-preview":"max-image-preview:large","max-video-preview":"max-video-preview:-1"},"canonical":"https:\/\/kapvie.com\/fr\/legal-notice-impressum\/","og_locale":"fr_FR","og_type":"article","og_title":"Legal Notice Impressum - Kapvie","og_description":"Legal Notice\/Impressum Information provided according to Sec. 5 German Telemedia Act (TMG):KAPVIE GmbH Friedrichstra\u00dfe 15,70174 Stuttgart, Deutschland Represented by:Philip Stegen Contact: Telephone: +49 711 49039519Email: customercare@kapvie.com Register entry: Entry in the Handelsregister.Registering court: StuttgartRegistration number: HRB-Nr. 781802 VAT: VAT Id number: DE349647800 Dispute resolution The European Commission provides a platform for online dispute resolution (OS): [&hellip;]","og_url":"https:\/\/kapvie.com\/fr\/legal-notice-impressum\/","og_site_name":"Kapvie","article_modified_time":"2022-03-03T10:55:45+00:00","twitter_card":"summary_large_image","twitter_misc":{"Dur\u00e9e de lecture estim\u00e9e":"2 minutes"},"schema":{"@context":"https:\/\/schema.org","@graph":[{"@type":"WebPage","@id":"https:\/\/kapvie.com\/legal-notice-impressum\/","url":"https:\/\/kapvie.com\/legal-notice-impressum\/","name":"Legal Notice Impressum - Kapvie","isPartOf":{"@id":"https:\/\/kapvie.com\/#website"},"datePublished":"2021-12-01T11:40:43+00:00","dateModified":"2022-03-03T10:55:45+00:00","breadcrumb":{"@id":"https:\/\/kapvie.com\/legal-notice-impressum\/#breadcrumb"},"inLanguage":"fr-FR","potentialAction":[{"@type":"ReadAction","target":["https:\/\/kapvie.com\/legal-notice-impressum\/"]}]},{"@type":"BreadcrumbList","@id":"https:\/\/kapvie.com\/legal-notice-impressum\/#breadcrumb","itemListElement":[{"@type":"ListItem","position":1,"name":"Home","item":"https:\/\/kapvie.com\/"},{"@type":"ListItem","position":2,"name":"Legal Notice Impressum"}]},{"@type":"WebSite","@id":"https:\/\/kapvie.com\/#website","url":"https:\/\/kapvie.com\/","name":"Kapvie","description":"Votre porte d'entr\u00e9e en Afrique","publisher":{"@id":"https:\/\/kapvie.com\/#organization"},"potentialAction":[{"@type":"SearchAction","target":{"@type":"EntryPoint","urlTemplate":"https:\/\/kapvie.com\/?s={search_term_string}"},"query-input":{"@type":"PropertyValueSpecification","valueRequired":true,"valueName":"search_term_string"}}],"inLanguage":"fr-FR"},{"@type":"Organization","@id":"https:\/\/kapvie.com\/#organization","name":"Kapvie","url":"https:\/\/kapvie.com\/","logo":{"@type":"ImageObject","inLanguage":"fr-FR","@id":"https:\/\/kapvie.com\/#\/schema\/logo\/image\/","url":"https:\/\/kapvie.com\/wp-content\/uploads\/2022\/02\/Kapvie-Logo-Invoice.jpg","contentUrl":"https:\/\/kapvie.com\/wp-content\/uploads\/2022\/02\/Kapvie-Logo-Invoice.jpg","width":400,"height":193,"caption":"Kapvie"},"image":{"@id":"https:\/\/kapvie.com\/#\/schema\/logo\/image\/"}}]}},"_links":{"self":[{"href":"https:\/\/kapvie.com\/fr\/wp-json\/wp\/v2\/pages\/1121","targetHints":{"allow":["GET"]}}],"collection":[{"href":"https:\/\/kapvie.com\/fr\/wp-json\/wp\/v2\/pages"}],"about":[{"href":"https:\/\/kapvie.com\/fr\/wp-json\/wp\/v2\/types\/page"}],"author":[{"embeddable":true,"href":"https:\/\/kapvie.com\/fr\/wp-json\/wp\/v2\/users\/1"}],"replies":[{"embeddable":true,"href":"https:\/\/kapvie.com\/fr\/wp-json\/wp\/v2\/comments?post=1121"}],"version-history":[{"count":3,"href":"https:\/\/kapvie.com\/fr\/wp-json\/wp\/v2\/pages\/1121\/revisions"}],"predecessor-version":[{"id":1308,"href":"https:\/\/kapvie.com\/fr\/wp-json\/wp\/v2\/pages\/1121\/revisions\/1308"}],"wp:attachment":[{"href":"https:\/\/kapvie.com\/fr\/wp-json\/wp\/v2\/media?parent=1121"}],"curies":[{"name":"wp","href":"https:\/\/api.w.org\/{rel}","templated":true}]}}