{"id":1322,"date":"2022-03-04T06:50:49","date_gmt":"2022-03-04T06:50:49","guid":{"rendered":"https:\/\/kapvie.com\/?page_id=1322"},"modified":"2022-03-04T06:52:31","modified_gmt":"2022-03-04T06:52:31","slug":"right-of-revocation","status":"publish","type":"page","link":"https:\/\/kapvie.com\/de\/right-of-revocation\/","title":{"rendered":"Widerrufsrecht"},"content":{"rendered":"<h1 class=\"wp-block-heading\">Widerrufsrecht<\/h1>\r\n<p>1.1<br \/>Private Endkunden (Verbraucher) mit Wohnsitz in der Europ\u00e4ischen Union haben anstelle des Widerrufsrechts das folgende R\u00fcckgaberecht: Waren, die nicht schnell verderblich sind und nicht nach Kundenspezifikation angefertigt werden oder eindeutig auf die pers\u00f6nlichen Bed\u00fcrfnisse des Kunden zugeschnitten sind, k\u00f6nnen innerhalb von 14 Tagen nach Erhalt der Ware oder Erhalt der notwendigen Belehrung und Erf\u00fcllung der Informationspflichten und sonstiger Pflichten aus dem Fernabsatz und E-Commerce ohne Angabe von Gr\u00fcnden zur\u00fcckgegeben werden, sofern die Ware aufgrund ihrer Beschaffenheit f\u00fcr eine R\u00fccksendung geeignet ist und das Verfallsdatum der Ware noch nicht abgelaufen ist. Die Frist ist gewahrt, wenn die Ware unverz\u00fcglich abgesendet wird. Einzelne Bestandteile eines Sets k\u00f6nnen nur zur\u00fcckgegeben werden, wenn diese Bestandteile von KAPVIE einzeln zum Verkauf angeboten werden. Die Kosten f\u00fcr die R\u00fccksendung der Ware tr\u00e4gt der Verbraucher. Um Ihr Widerrufsrecht auszu\u00fcben, m\u00fcssen Sie uns (KAPVIE GmbH, Friedrichstra\u00dfe 15, 70174 Stuttgart, Deutschland, E-Mail: customercare@kapvie.com) mittels einer eindeutigen Erkl\u00e4rung \u00fcber Ihren Entschluss, diesen Vertrag zu widerrufen, informieren.<\/p>\r\n<p>1.2<br \/>Im Falle von M\u00e4ngeln sind die Waren sp\u00e4testens innerhalb von 14 Tagen ab dem Tag, an dem Sie uns Ihren R\u00fccktritt von diesem Vertrag mitteilen, zur\u00fcckzusenden. Die Kosten und das Risiko der R\u00fccksendung werden von KAPVIE getragen (mit Ausnahme der zus\u00e4tzlichen Kosten, die entstehen, wenn Sie eine andere Art der Lieferung als die von uns angebotene g\u00fcnstigste Standardlieferung w\u00e4hlen). Verpflichtungen zur Erstattung von Zahlungen m\u00fcssen innerhalb von 30 Tagen nach Eingang der zur\u00fcckgesandten Ware erf\u00fcllt werden. KAPVIE ist berechtigt, Abz\u00fcge vom Kaufpreis vorzunehmen, um die Wertminderung auszugleichen. Werden einzelne Komponenten eines Sets zur\u00fcckgegeben, entf\u00e4llt der von KAPVIE angebotene Preisnachlass auf alle Komponenten eines Sets \u00fcber den Preis des Sets. Der Kunde erh\u00e4lt daher f\u00fcr die zur\u00fcckgegebenen Komponenten nur die Differenz zwischen dem Setpreis und dem Kaufpreis der Einzelteile, die er zur\u00fcckbeh\u00e4lt, erstattet. R\u00fccksendungen lassen sich leichter bearbeiten, wenn die Ware in der Originalverpackung zusammen mit der Rechnung oder dem Lieferschein in einer f\u00fcr den sicheren Transport geeigneten Verpackung zur\u00fcckgeschickt wird.<\/p>\r\n<p>Im Falle von M\u00e4ngeln sind die Waren an folgende Adresse zur\u00fcckzusenden:<\/p>\r\n<p>Ludwig Meyer GmbH &amp; Co. KG<br \/>Carl-von-Linde-Stra\u00dfe 2<br \/>D-86551 Aichach<br \/>Deutschland<\/p>\r\n<p>Das Widerrufsrecht gilt nicht f\u00fcr die folgenden Produkte:<\/p>\r\n<ul>\r\n<li>Nach Kundenspezifikationen hergestellte Waren<\/li>\r\n<li>Nach pers\u00f6nlichen Bed\u00fcrfnissen hergestellte Waren<\/li>\r\n<li>Waren, die schnell verderben k\u00f6nnen<\/li>\r\n<li>Waren, deren Verfallsdatum abgelaufen ist<\/li>\r\n<\/ul>","protected":false},"excerpt":{"rendered":"<p>Right of Revocation 1.1Private end customers (consumers) resident in the European Union have the following right of return instead of the right of revocation: Goods that are not quickly perishable and not produced to customer specifications or produced in accordance with the customer\u2019s personal requirements, may be returned within 14 days of receipt of the [&hellip;]<\/p>\n","protected":false},"author":1,"featured_media":0,"parent":0,"menu_order":0,"comment_status":"closed","ping_status":"closed","template":"","meta":{"footnotes":""},"class_list":["post-1322","page","type-page","status-publish","hentry"],"yoast_head":"<!-- This site is optimized with the Yoast SEO plugin v27.3 - https:\/\/yoast.com\/product\/yoast-seo-wordpress\/ -->\n<title>Right of Revocation - Kapvie<\/title>\n<meta name=\"robots\" content=\"index, follow, max-snippet:-1, max-image-preview:large, max-video-preview:-1\" \/>\n<link rel=\"canonical\" href=\"https:\/\/kapvie.com\/de\/right-of-revocation\/\" \/>\n<meta property=\"og:locale\" content=\"de_DE\" \/>\n<meta property=\"og:type\" content=\"article\" \/>\n<meta property=\"og:title\" content=\"Right of Revocation - Kapvie\" \/>\n<meta property=\"og:description\" content=\"Right of Revocation 1.1Private end customers (consumers) resident in the European Union have the following right of return instead of the right of revocation: Goods that are not quickly perishable and not produced to customer specifications or produced in accordance with the customer\u2019s personal requirements, may be returned within 14 days of receipt of the [&hellip;]\" \/>\n<meta property=\"og:url\" content=\"https:\/\/kapvie.com\/de\/right-of-revocation\/\" \/>\n<meta property=\"og:site_name\" content=\"Kapvie\" \/>\n<meta property=\"article:modified_time\" content=\"2022-03-04T06:52:31+00:00\" \/>\n<meta name=\"twitter:card\" content=\"summary_large_image\" \/>\n<meta name=\"twitter:label1\" content=\"Gesch\u00e4tzte Lesezeit\" \/>\n\t<meta name=\"twitter:data1\" content=\"2\u00a0Minuten\" \/>\n<script type=\"application\/ld+json\" class=\"yoast-schema-graph\">{\"@context\":\"https:\\\/\\\/schema.org\",\"@graph\":[{\"@type\":\"WebPage\",\"@id\":\"https:\\\/\\\/kapvie.com\\\/fr\\\/right-of-revocation\\\/\",\"url\":\"https:\\\/\\\/kapvie.com\\\/fr\\\/right-of-revocation\\\/\",\"name\":\"Right of Revocation - Kapvie\",\"isPartOf\":{\"@id\":\"https:\\\/\\\/kapvie.com\\\/#website\"},\"datePublished\":\"2022-03-04T06:50:49+00:00\",\"dateModified\":\"2022-03-04T06:52:31+00:00\",\"breadcrumb\":{\"@id\":\"https:\\\/\\\/kapvie.com\\\/fr\\\/right-of-revocation\\\/#breadcrumb\"},\"inLanguage\":\"de-CH\",\"potentialAction\":[{\"@type\":\"ReadAction\",\"target\":[\"https:\\\/\\\/kapvie.com\\\/fr\\\/right-of-revocation\\\/\"]}]},{\"@type\":\"BreadcrumbList\",\"@id\":\"https:\\\/\\\/kapvie.com\\\/fr\\\/right-of-revocation\\\/#breadcrumb\",\"itemListElement\":[{\"@type\":\"ListItem\",\"position\":1,\"name\":\"Home\",\"item\":\"https:\\\/\\\/kapvie.com\\\/\"},{\"@type\":\"ListItem\",\"position\":2,\"name\":\"Right of Revocation\"}]},{\"@type\":\"WebSite\",\"@id\":\"https:\\\/\\\/kapvie.com\\\/#website\",\"url\":\"https:\\\/\\\/kapvie.com\\\/\",\"name\":\"Kapvie\",\"description\":\"Your gateway to Africa\",\"publisher\":{\"@id\":\"https:\\\/\\\/kapvie.com\\\/#organization\"},\"potentialAction\":[{\"@type\":\"SearchAction\",\"target\":{\"@type\":\"EntryPoint\",\"urlTemplate\":\"https:\\\/\\\/kapvie.com\\\/?s={search_term_string}\"},\"query-input\":{\"@type\":\"PropertyValueSpecification\",\"valueRequired\":true,\"valueName\":\"search_term_string\"}}],\"inLanguage\":\"de-CH\"},{\"@type\":\"Organization\",\"@id\":\"https:\\\/\\\/kapvie.com\\\/#organization\",\"name\":\"Kapvie\",\"url\":\"https:\\\/\\\/kapvie.com\\\/\",\"logo\":{\"@type\":\"ImageObject\",\"inLanguage\":\"de-CH\",\"@id\":\"https:\\\/\\\/kapvie.com\\\/#\\\/schema\\\/logo\\\/image\\\/\",\"url\":\"https:\\\/\\\/kapvie.com\\\/wp-content\\\/uploads\\\/2022\\\/02\\\/Kapvie-Logo-Invoice.jpg\",\"contentUrl\":\"https:\\\/\\\/kapvie.com\\\/wp-content\\\/uploads\\\/2022\\\/02\\\/Kapvie-Logo-Invoice.jpg\",\"width\":400,\"height\":193,\"caption\":\"Kapvie\"},\"image\":{\"@id\":\"https:\\\/\\\/kapvie.com\\\/#\\\/schema\\\/logo\\\/image\\\/\"}}]}<\/script>\n<!-- \/ Yoast SEO plugin. -->","yoast_head_json":{"title":"Right of Revocation - Kapvie","robots":{"index":"index","follow":"follow","max-snippet":"max-snippet:-1","max-image-preview":"max-image-preview:large","max-video-preview":"max-video-preview:-1"},"canonical":"https:\/\/kapvie.com\/de\/right-of-revocation\/","og_locale":"de_DE","og_type":"article","og_title":"Right of Revocation - Kapvie","og_description":"Right of Revocation 1.1Private end customers (consumers) resident in the European Union have the following right of return instead of the right of revocation: Goods that are not quickly perishable and not produced to customer specifications or produced in accordance with the customer\u2019s personal requirements, may be returned within 14 days of receipt of the [&hellip;]","og_url":"https:\/\/kapvie.com\/de\/right-of-revocation\/","og_site_name":"Kapvie","article_modified_time":"2022-03-04T06:52:31+00:00","twitter_card":"summary_large_image","twitter_misc":{"Gesch\u00e4tzte Lesezeit":"2\u00a0Minuten"},"schema":{"@context":"https:\/\/schema.org","@graph":[{"@type":"WebPage","@id":"https:\/\/kapvie.com\/fr\/right-of-revocation\/","url":"https:\/\/kapvie.com\/fr\/right-of-revocation\/","name":"Right of Revocation - Kapvie","isPartOf":{"@id":"https:\/\/kapvie.com\/#website"},"datePublished":"2022-03-04T06:50:49+00:00","dateModified":"2022-03-04T06:52:31+00:00","breadcrumb":{"@id":"https:\/\/kapvie.com\/fr\/right-of-revocation\/#breadcrumb"},"inLanguage":"de-CH","potentialAction":[{"@type":"ReadAction","target":["https:\/\/kapvie.com\/fr\/right-of-revocation\/"]}]},{"@type":"BreadcrumbList","@id":"https:\/\/kapvie.com\/fr\/right-of-revocation\/#breadcrumb","itemListElement":[{"@type":"ListItem","position":1,"name":"Home","item":"https:\/\/kapvie.com\/"},{"@type":"ListItem","position":2,"name":"Right of Revocation"}]},{"@type":"WebSite","@id":"https:\/\/kapvie.com\/#website","url":"https:\/\/kapvie.com\/","name":"Kapvie","description":"Ihr Gateway nach Afrika.","publisher":{"@id":"https:\/\/kapvie.com\/#organization"},"potentialAction":[{"@type":"SearchAction","target":{"@type":"EntryPoint","urlTemplate":"https:\/\/kapvie.com\/?s={search_term_string}"},"query-input":{"@type":"PropertyValueSpecification","valueRequired":true,"valueName":"search_term_string"}}],"inLanguage":"de-CH"},{"@type":"Organization","@id":"https:\/\/kapvie.com\/#organization","name":"Kapvie","url":"https:\/\/kapvie.com\/","logo":{"@type":"ImageObject","inLanguage":"de-CH","@id":"https:\/\/kapvie.com\/#\/schema\/logo\/image\/","url":"https:\/\/kapvie.com\/wp-content\/uploads\/2022\/02\/Kapvie-Logo-Invoice.jpg","contentUrl":"https:\/\/kapvie.com\/wp-content\/uploads\/2022\/02\/Kapvie-Logo-Invoice.jpg","width":400,"height":193,"caption":"Kapvie"},"image":{"@id":"https:\/\/kapvie.com\/#\/schema\/logo\/image\/"}}]}},"_links":{"self":[{"href":"https:\/\/kapvie.com\/de\/wp-json\/wp\/v2\/pages\/1322","targetHints":{"allow":["GET"]}}],"collection":[{"href":"https:\/\/kapvie.com\/de\/wp-json\/wp\/v2\/pages"}],"about":[{"href":"https:\/\/kapvie.com\/de\/wp-json\/wp\/v2\/types\/page"}],"author":[{"embeddable":true,"href":"https:\/\/kapvie.com\/de\/wp-json\/wp\/v2\/users\/1"}],"replies":[{"embeddable":true,"href":"https:\/\/kapvie.com\/de\/wp-json\/wp\/v2\/comments?post=1322"}],"version-history":[{"count":3,"href":"https:\/\/kapvie.com\/de\/wp-json\/wp\/v2\/pages\/1322\/revisions"}],"predecessor-version":[{"id":1326,"href":"https:\/\/kapvie.com\/de\/wp-json\/wp\/v2\/pages\/1322\/revisions\/1326"}],"wp:attachment":[{"href":"https:\/\/kapvie.com\/de\/wp-json\/wp\/v2\/media?parent=1322"}],"curies":[{"name":"wp","href":"https:\/\/api.w.org\/{rel}","templated":true}]}}