{"id":1121,"date":"2021-12-01T11:40:43","date_gmt":"2021-12-01T11:40:43","guid":{"rendered":"https:\/\/kapvie.com\/?page_id=1121"},"modified":"2022-03-03T10:55:45","modified_gmt":"2022-03-03T10:55:45","slug":"legal-notice-impressum","status":"publish","type":"page","link":"https:\/\/kapvie.com\/de\/legal-notice-impressum\/","title":{"rendered":"Legal Notice Impressum"},"content":{"rendered":"<p><\/p>\r\n<h2 class=\"wp-block-heading\">Rechtlicher Hinweis\/Impressum<\/h2>\r\n<p class=\"translation-block\">Angaben nach \u00a7 5 Telemediengesetz (TMG):\nKAPVIE GmbH\nFriedrichstra\u00dfe 15,\n70174 Stuttgart, Deutschland<\/p>\r\n<p><strong>Vertreten durch:<\/strong><br \/>Philip Stegen<\/p>\r\n<p><strong>Kontakt<\/strong><\/p>\r\n<p>Telefon: +49 711 49039519<br \/>E-Mail: customercare@kapvie.com<\/p>\r\n<p><strong>Registereintrag:<\/strong><\/p>\r\n<p>Eintrag in das Handelsregister.<br \/>Registering court: Stuttgart<br \/>Registration number: HRB-Nr. 781802<\/p>\r\n<p><strong>MEHRWERTSTEUER:<\/strong><\/p>\r\n<p>Umsatzsteuer-Identifikationsnummer: DE349647800<\/p>\r\n<h3>Beilegung von Streitigkeiten<\/h3>\r\n<p class=\"translation-block\">Die Europ\u00e4ische Kommission stellt eine Plattform zur Online-Streitbeilegung (OS) zur Verf\u00fcgung: https:\/\/ec.europa.eu\/consumers\/odr.<br>Unsere E-Mail finden Sie im Impressum.<br>Wir nehmen nicht an Online-Streitbeilegungen bei Verbraucherschlichtungsstellen teil.<\/p>\r\n<h3>Haftung f\u00fcr Inhalte<\/h3>\r\n<p class=\"translation-block\">Als Dienstanbieter sind wir gem\u00e4\u00df \u00a7 7 Abs.1 TMG f\u00fcr eigene Inhalte auf diesen Seiten nach den allgemeinen Gesetzen verantwortlich. Nach \u00a7\u00a7 8 bis 10 TMG sind wir als Diensteanbieter jedoch nicht verpflichtet, \u00fcbermittelte oder gespeicherte fremde Informationen zu \u00fcberwachen oder nach Umst\u00e4nden zu forschen, die auf eine rechtswidrige T\u00e4tigkeit hinweisen.\nRechtliche Verpflichtungen zur Entfernung oder Sperrung der Nutzung von Informationen bleiben hiervon unber\u00fchrt. Eine diesbez\u00fcgliche Haftung ist jedoch erst ab dem Zeitpunkt der Kenntnis einer konkreten Rechtsverletzung m\u00f6glich. Bei Bekanntwerden von Rechtsverletzungen werden wir diese Inhalte umgehend entfernen.<\/p>\r\n<h3>Haftung f\u00fcr Links<\/h3>\r\n<p>Unser Angebot enth\u00e4lt Links zu externen Webseiten Dritter. Auf die Inhalte dieser Websites haben wir keinen Einfluss, weshalb wir f\u00fcr diese Inhalte auch keine Gew\u00e4hr \u00fcbernehmen k\u00f6nnen. F\u00fcr die Inhalte der verlinkten Seiten ist stets der jeweilige Anbieter oder Betreiber der Seiten verantwortlich.<br \/>Die verlinkten Seiten wurden zum Zeitpunkt der Verlinkung auf m\u00f6gliche Rechtsverst\u00f6\u00dfe \u00fcberpr\u00fcft. Rechtswidrige Inhalte waren zum Zeitpunkt der Verlinkung nicht erkennbar. Eine permanente inhaltliche Kontrolle der verlinkten Seiten ist jedoch ohne konkrete Anhaltspunkte einer Rechtsverletzung nicht zumutbar. Bei Bekanntwerden von Rechtsverletzungen werden wir derartige Links umgehend entfernen.<\/p>\r\n<h3>Urheberrecht<\/h3>\r\n<p>Die durch die Seitenbetreiber erstellten Inhalte und Werke auf diesen Seiten unterliegen dem deutschen Urheberrecht. Die Vervielf\u00e4ltigung, Bearbeitung, Verbreitung und jede Art der Verwertung au\u00dferhalb der Grenzen des Urheberrechtes bed\u00fcrfen der schriftlichen Zustimmung des jeweiligen Autors bzw. Erstellers. Downloads und Kopien dieser Seite sind nur f\u00fcr den privaten Gebrauch gestattet.<br \/>Die kommerzielle Nutzung unserer Inhalte ohne Genehmigung des Urhebers ist untersagt.<br \/>Soweit die Inhalte auf dieser Seite nicht vom Betreiber erstellt wurden, werden die Urheberrechte Dritter beachtet. Beitr\u00e4ge Dritter auf dieser Seite sind als solche gekennzeichnet. Sollten Sie trotzdem auf eine Urheberrechtsverletzung aufmerksam werden, bitten wir um einen entsprechenden Hinweis. Derartige Inhalte werden dann umgehend entfernt.<\/p>\r\n<p><strong>Website verwaltet von <a href=\"https:\/\/v-reality.co.za\/\" target=\"_blank\" rel=\"noopener\">V-Reality<\/a><\/strong><\/p>\r\n<p><\/p>","protected":false},"excerpt":{"rendered":"<p>Legal Notice\/Impressum Information provided according to Sec. 5 German Telemedia Act (TMG):KAPVIE GmbH Friedrichstra\u00dfe 15,70174 Stuttgart, Deutschland Represented by:Philip Stegen Contact: Telephone: +49 711 49039519Email: customercare@kapvie.com Register entry: Entry in the Handelsregister.Registering court: StuttgartRegistration number: HRB-Nr. 781802 VAT: VAT Id number: DE349647800 Dispute resolution The European Commission provides a platform for online dispute resolution (OS): [&hellip;]<\/p>\n","protected":false},"author":1,"featured_media":0,"parent":0,"menu_order":0,"comment_status":"closed","ping_status":"closed","template":"","meta":{"footnotes":""},"class_list":["post-1121","page","type-page","status-publish","hentry"],"yoast_head":"<!-- This site is optimized with the Yoast SEO plugin v27.3 - https:\/\/yoast.com\/product\/yoast-seo-wordpress\/ -->\n<title>Legal Notice Impressum - Kapvie<\/title>\n<meta name=\"robots\" content=\"index, follow, max-snippet:-1, max-image-preview:large, max-video-preview:-1\" \/>\n<link rel=\"canonical\" href=\"https:\/\/kapvie.com\/de\/legal-notice-impressum\/\" \/>\n<meta property=\"og:locale\" content=\"de_DE\" \/>\n<meta property=\"og:type\" content=\"article\" \/>\n<meta property=\"og:title\" content=\"Legal Notice Impressum - Kapvie\" \/>\n<meta property=\"og:description\" content=\"Legal Notice\/Impressum Information provided according to Sec. 5 German Telemedia Act (TMG):KAPVIE GmbH Friedrichstra\u00dfe 15,70174 Stuttgart, Deutschland Represented by:Philip Stegen Contact: Telephone: +49 711 49039519Email: customercare@kapvie.com Register entry: Entry in the Handelsregister.Registering court: StuttgartRegistration number: HRB-Nr. 781802 VAT: VAT Id number: DE349647800 Dispute resolution The European Commission provides a platform for online dispute resolution (OS): [&hellip;]\" \/>\n<meta property=\"og:url\" content=\"https:\/\/kapvie.com\/de\/legal-notice-impressum\/\" \/>\n<meta property=\"og:site_name\" content=\"Kapvie\" \/>\n<meta property=\"article:modified_time\" content=\"2022-03-03T10:55:45+00:00\" \/>\n<meta name=\"twitter:card\" content=\"summary_large_image\" \/>\n<meta name=\"twitter:label1\" content=\"Gesch\u00e4tzte Lesezeit\" \/>\n\t<meta name=\"twitter:data1\" content=\"2\u00a0Minuten\" \/>\n<script type=\"application\/ld+json\" class=\"yoast-schema-graph\">{\"@context\":\"https:\\\/\\\/schema.org\",\"@graph\":[{\"@type\":\"WebPage\",\"@id\":\"https:\\\/\\\/kapvie.com\\\/legal-notice-impressum\\\/\",\"url\":\"https:\\\/\\\/kapvie.com\\\/legal-notice-impressum\\\/\",\"name\":\"Legal Notice Impressum - Kapvie\",\"isPartOf\":{\"@id\":\"https:\\\/\\\/kapvie.com\\\/#website\"},\"datePublished\":\"2021-12-01T11:40:43+00:00\",\"dateModified\":\"2022-03-03T10:55:45+00:00\",\"breadcrumb\":{\"@id\":\"https:\\\/\\\/kapvie.com\\\/legal-notice-impressum\\\/#breadcrumb\"},\"inLanguage\":\"de-CH\",\"potentialAction\":[{\"@type\":\"ReadAction\",\"target\":[\"https:\\\/\\\/kapvie.com\\\/legal-notice-impressum\\\/\"]}]},{\"@type\":\"BreadcrumbList\",\"@id\":\"https:\\\/\\\/kapvie.com\\\/legal-notice-impressum\\\/#breadcrumb\",\"itemListElement\":[{\"@type\":\"ListItem\",\"position\":1,\"name\":\"Home\",\"item\":\"https:\\\/\\\/kapvie.com\\\/\"},{\"@type\":\"ListItem\",\"position\":2,\"name\":\"Legal Notice Impressum\"}]},{\"@type\":\"WebSite\",\"@id\":\"https:\\\/\\\/kapvie.com\\\/#website\",\"url\":\"https:\\\/\\\/kapvie.com\\\/\",\"name\":\"Kapvie\",\"description\":\"Your gateway to Africa\",\"publisher\":{\"@id\":\"https:\\\/\\\/kapvie.com\\\/#organization\"},\"potentialAction\":[{\"@type\":\"SearchAction\",\"target\":{\"@type\":\"EntryPoint\",\"urlTemplate\":\"https:\\\/\\\/kapvie.com\\\/?s={search_term_string}\"},\"query-input\":{\"@type\":\"PropertyValueSpecification\",\"valueRequired\":true,\"valueName\":\"search_term_string\"}}],\"inLanguage\":\"de-CH\"},{\"@type\":\"Organization\",\"@id\":\"https:\\\/\\\/kapvie.com\\\/#organization\",\"name\":\"Kapvie\",\"url\":\"https:\\\/\\\/kapvie.com\\\/\",\"logo\":{\"@type\":\"ImageObject\",\"inLanguage\":\"de-CH\",\"@id\":\"https:\\\/\\\/kapvie.com\\\/#\\\/schema\\\/logo\\\/image\\\/\",\"url\":\"https:\\\/\\\/kapvie.com\\\/wp-content\\\/uploads\\\/2022\\\/02\\\/Kapvie-Logo-Invoice.jpg\",\"contentUrl\":\"https:\\\/\\\/kapvie.com\\\/wp-content\\\/uploads\\\/2022\\\/02\\\/Kapvie-Logo-Invoice.jpg\",\"width\":400,\"height\":193,\"caption\":\"Kapvie\"},\"image\":{\"@id\":\"https:\\\/\\\/kapvie.com\\\/#\\\/schema\\\/logo\\\/image\\\/\"}}]}<\/script>\n<!-- \/ Yoast SEO plugin. -->","yoast_head_json":{"title":"Legal Notice Impressum - Kapvie","robots":{"index":"index","follow":"follow","max-snippet":"max-snippet:-1","max-image-preview":"max-image-preview:large","max-video-preview":"max-video-preview:-1"},"canonical":"https:\/\/kapvie.com\/de\/legal-notice-impressum\/","og_locale":"de_DE","og_type":"article","og_title":"Legal Notice Impressum - Kapvie","og_description":"Legal Notice\/Impressum Information provided according to Sec. 5 German Telemedia Act (TMG):KAPVIE GmbH Friedrichstra\u00dfe 15,70174 Stuttgart, Deutschland Represented by:Philip Stegen Contact: Telephone: +49 711 49039519Email: customercare@kapvie.com Register entry: Entry in the Handelsregister.Registering court: StuttgartRegistration number: HRB-Nr. 781802 VAT: VAT Id number: DE349647800 Dispute resolution The European Commission provides a platform for online dispute resolution (OS): [&hellip;]","og_url":"https:\/\/kapvie.com\/de\/legal-notice-impressum\/","og_site_name":"Kapvie","article_modified_time":"2022-03-03T10:55:45+00:00","twitter_card":"summary_large_image","twitter_misc":{"Gesch\u00e4tzte Lesezeit":"2\u00a0Minuten"},"schema":{"@context":"https:\/\/schema.org","@graph":[{"@type":"WebPage","@id":"https:\/\/kapvie.com\/legal-notice-impressum\/","url":"https:\/\/kapvie.com\/legal-notice-impressum\/","name":"Legal Notice Impressum - Kapvie","isPartOf":{"@id":"https:\/\/kapvie.com\/#website"},"datePublished":"2021-12-01T11:40:43+00:00","dateModified":"2022-03-03T10:55:45+00:00","breadcrumb":{"@id":"https:\/\/kapvie.com\/legal-notice-impressum\/#breadcrumb"},"inLanguage":"de-CH","potentialAction":[{"@type":"ReadAction","target":["https:\/\/kapvie.com\/legal-notice-impressum\/"]}]},{"@type":"BreadcrumbList","@id":"https:\/\/kapvie.com\/legal-notice-impressum\/#breadcrumb","itemListElement":[{"@type":"ListItem","position":1,"name":"Home","item":"https:\/\/kapvie.com\/"},{"@type":"ListItem","position":2,"name":"Legal Notice Impressum"}]},{"@type":"WebSite","@id":"https:\/\/kapvie.com\/#website","url":"https:\/\/kapvie.com\/","name":"Kapvie","description":"Ihr Gateway nach Afrika.","publisher":{"@id":"https:\/\/kapvie.com\/#organization"},"potentialAction":[{"@type":"SearchAction","target":{"@type":"EntryPoint","urlTemplate":"https:\/\/kapvie.com\/?s={search_term_string}"},"query-input":{"@type":"PropertyValueSpecification","valueRequired":true,"valueName":"search_term_string"}}],"inLanguage":"de-CH"},{"@type":"Organization","@id":"https:\/\/kapvie.com\/#organization","name":"Kapvie","url":"https:\/\/kapvie.com\/","logo":{"@type":"ImageObject","inLanguage":"de-CH","@id":"https:\/\/kapvie.com\/#\/schema\/logo\/image\/","url":"https:\/\/kapvie.com\/wp-content\/uploads\/2022\/02\/Kapvie-Logo-Invoice.jpg","contentUrl":"https:\/\/kapvie.com\/wp-content\/uploads\/2022\/02\/Kapvie-Logo-Invoice.jpg","width":400,"height":193,"caption":"Kapvie"},"image":{"@id":"https:\/\/kapvie.com\/#\/schema\/logo\/image\/"}}]}},"_links":{"self":[{"href":"https:\/\/kapvie.com\/de\/wp-json\/wp\/v2\/pages\/1121","targetHints":{"allow":["GET"]}}],"collection":[{"href":"https:\/\/kapvie.com\/de\/wp-json\/wp\/v2\/pages"}],"about":[{"href":"https:\/\/kapvie.com\/de\/wp-json\/wp\/v2\/types\/page"}],"author":[{"embeddable":true,"href":"https:\/\/kapvie.com\/de\/wp-json\/wp\/v2\/users\/1"}],"replies":[{"embeddable":true,"href":"https:\/\/kapvie.com\/de\/wp-json\/wp\/v2\/comments?post=1121"}],"version-history":[{"count":3,"href":"https:\/\/kapvie.com\/de\/wp-json\/wp\/v2\/pages\/1121\/revisions"}],"predecessor-version":[{"id":1308,"href":"https:\/\/kapvie.com\/de\/wp-json\/wp\/v2\/pages\/1121\/revisions\/1308"}],"wp:attachment":[{"href":"https:\/\/kapvie.com\/de\/wp-json\/wp\/v2\/media?parent=1121"}],"curies":[{"name":"wp","href":"https:\/\/api.w.org\/{rel}","templated":true}]}}